{"id":362,"date":"2023-10-04T11:15:07","date_gmt":"2023-10-04T11:15:07","guid":{"rendered":"https:\/\/pro.edelifeclinicaltrial.com\/?page_id=362"},"modified":"2023-12-08T08:01:00","modified_gmt":"2023-12-08T08:01:00","slug":"diagnostico-y-sintomas-de-la-displasia-ectodermica","status":"publish","type":"page","link":"https:\/\/pro.edelifeclinicaltrial.com\/es\/diagnostico-y-sintomas-de-la-displasia-ectodermica\/","title":{"rendered":"Diagn\u00f3stico y s\u00edntomas de la displasia ectod\u00e9rmica"},"content":{"rendered":"","protected":false},"excerpt":{"rendered":"","protected":false},"author":1,"featured_media":0,"parent":0,"menu_order":3,"comment_status":"closed","ping_status":"closed","template":"","meta":{"footnotes":""},"class_list":["post-362","page","type-page","status-publish","hentry"],"yoast_head":"<!-- This site is optimized with the Yoast SEO plugin v27.4 - https:\/\/yoast.com\/product\/yoast-seo-wordpress\/ -->\n<title>Diagn\u00f3stico y s\u00edntomas de la displasia ectod\u00e9rmica | Pro Edelifclinicaltrial<\/title>\n<meta name=\"description\" content=\"M\u00e1s informaci\u00f3n sobre los s\u00edntomas y la gen\u00e9tica de la displasia ectod\u00e9rmica, la displasia ectod\u00e9rmica hipohidr\u00f3tica y la displasia hipohidr\u00f3tica ligada al cromosoma X.\" \/>\n<meta name=\"robots\" content=\"index, follow, max-snippet:-1, max-image-preview:large, max-video-preview:-1\" \/>\n<link rel=\"canonical\" href=\"https:\/\/pro.edelifeclinicaltrial.com\/es\/diagnostico-y-sintomas-de-la-displasia-ectodermica\/\" \/>\n<meta property=\"og:locale\" content=\"es_ES\" \/>\n<meta property=\"og:type\" content=\"article\" \/>\n<meta property=\"og:title\" content=\"Diagn\u00f3stico y s\u00edntomas de la displasia ectod\u00e9rmica | Pro Edelifclinicaltrial\" \/>\n<meta property=\"og:description\" content=\"M\u00e1s informaci\u00f3n sobre los s\u00edntomas y la gen\u00e9tica de la displasia ectod\u00e9rmica, la displasia ectod\u00e9rmica hipohidr\u00f3tica y la displasia hipohidr\u00f3tica ligada al cromosoma X.\" \/>\n<meta property=\"og:url\" content=\"https:\/\/pro.edelifeclinicaltrial.com\/es\/diagnostico-y-sintomas-de-la-displasia-ectodermica\/\" \/>\n<meta property=\"og:site_name\" content=\"Pro Edelifclinicaltrial\" \/>\n<meta property=\"article:modified_time\" content=\"2023-12-08T08:01:00+00:00\" \/>\n<meta name=\"twitter:card\" content=\"summary_large_image\" \/>\n<script type=\"application\/ld+json\" class=\"yoast-schema-graph\">{\"@context\":\"https:\\\/\\\/schema.org\",\"@graph\":[{\"@type\":\"WebPage\",\"@id\":\"https:\\\/\\\/pro.edelifeclinicaltrial.com\\\/es\\\/diagnostico-y-sintomas-de-la-displasia-ectodermica\\\/\",\"url\":\"https:\\\/\\\/pro.edelifeclinicaltrial.com\\\/es\\\/diagnostico-y-sintomas-de-la-displasia-ectodermica\\\/\",\"name\":\"Diagn\u00f3stico y s\u00edntomas de la displasia ectod\u00e9rmica | Pro Edelifclinicaltrial\",\"isPartOf\":{\"@id\":\"https:\\\/\\\/pro.edelifeclinicaltrial.com\\\/es\\\/#website\"},\"datePublished\":\"2023-10-04T11:15:07+00:00\",\"dateModified\":\"2023-12-08T08:01:00+00:00\",\"description\":\"M\u00e1s informaci\u00f3n sobre los s\u00edntomas y la gen\u00e9tica de la displasia ectod\u00e9rmica, la displasia ectod\u00e9rmica hipohidr\u00f3tica y la displasia hipohidr\u00f3tica ligada al cromosoma X.\",\"breadcrumb\":{\"@id\":\"https:\\\/\\\/pro.edelifeclinicaltrial.com\\\/es\\\/diagnostico-y-sintomas-de-la-displasia-ectodermica\\\/#breadcrumb\"},\"inLanguage\":\"es\",\"potentialAction\":[{\"@type\":\"ReadAction\",\"target\":[\"https:\\\/\\\/pro.edelifeclinicaltrial.com\\\/es\\\/diagnostico-y-sintomas-de-la-displasia-ectodermica\\\/\"]}]},{\"@type\":\"BreadcrumbList\",\"@id\":\"https:\\\/\\\/pro.edelifeclinicaltrial.com\\\/es\\\/diagnostico-y-sintomas-de-la-displasia-ectodermica\\\/#breadcrumb\",\"itemListElement\":[{\"@type\":\"ListItem\",\"position\":1,\"name\":\"Home\",\"item\":\"https:\\\/\\\/pro.edelifeclinicaltrial.com\\\/es\\\/\"},{\"@type\":\"ListItem\",\"position\":2,\"name\":\"Diagn\u00f3stico y s\u00edntomas de la displasia ectod\u00e9rmica\"}]},{\"@type\":\"WebSite\",\"@id\":\"https:\\\/\\\/pro.edelifeclinicaltrial.com\\\/es\\\/#website\",\"url\":\"https:\\\/\\\/pro.edelifeclinicaltrial.com\\\/es\\\/\",\"name\":\"Edelife HCP\",\"description\":\"\",\"publisher\":{\"@id\":\"https:\\\/\\\/pro.edelifeclinicaltrial.com\\\/es\\\/#organization\"},\"potentialAction\":[{\"@type\":\"SearchAction\",\"target\":{\"@type\":\"EntryPoint\",\"urlTemplate\":\"https:\\\/\\\/pro.edelifeclinicaltrial.com\\\/es\\\/?s={search_term_string}\"},\"query-input\":{\"@type\":\"PropertyValueSpecification\",\"valueRequired\":true,\"valueName\":\"search_term_string\"}}],\"inLanguage\":\"es\"},{\"@type\":\"Organization\",\"@id\":\"https:\\\/\\\/pro.edelifeclinicaltrial.com\\\/es\\\/#organization\",\"name\":\"Edelife HCP\",\"url\":\"https:\\\/\\\/pro.edelifeclinicaltrial.com\\\/es\\\/\",\"logo\":{\"@type\":\"ImageObject\",\"inLanguage\":\"es\",\"@id\":\"https:\\\/\\\/pro.edelifeclinicaltrial.com\\\/es\\\/#\\\/schema\\\/logo\\\/image\\\/\",\"url\":\"https:\\\/\\\/pro.edelifeclinicaltrial.com\\\/wp-content\\\/uploads\\\/2023\\\/10\\\/logo-edelife-trsp.png\",\"contentUrl\":\"https:\\\/\\\/pro.edelifeclinicaltrial.com\\\/wp-content\\\/uploads\\\/2023\\\/10\\\/logo-edelife-trsp.png\",\"width\":733,\"height\":485,\"caption\":\"Edelife HCP\"},\"image\":{\"@id\":\"https:\\\/\\\/pro.edelifeclinicaltrial.com\\\/es\\\/#\\\/schema\\\/logo\\\/image\\\/\"}}]}<\/script>\n<!-- \/ Yoast SEO plugin. -->","yoast_head_json":{"title":"Diagn\u00f3stico y s\u00edntomas de la displasia ectod\u00e9rmica | Pro Edelifclinicaltrial","description":"M\u00e1s informaci\u00f3n sobre los s\u00edntomas y la gen\u00e9tica de la displasia ectod\u00e9rmica, la displasia ectod\u00e9rmica hipohidr\u00f3tica y la displasia hipohidr\u00f3tica ligada al cromosoma X.","robots":{"index":"index","follow":"follow","max-snippet":"max-snippet:-1","max-image-preview":"max-image-preview:large","max-video-preview":"max-video-preview:-1"},"canonical":"https:\/\/pro.edelifeclinicaltrial.com\/es\/diagnostico-y-sintomas-de-la-displasia-ectodermica\/","og_locale":"es_ES","og_type":"article","og_title":"Diagn\u00f3stico y s\u00edntomas de la displasia ectod\u00e9rmica | Pro Edelifclinicaltrial","og_description":"M\u00e1s informaci\u00f3n sobre los s\u00edntomas y la gen\u00e9tica de la displasia ectod\u00e9rmica, la displasia ectod\u00e9rmica hipohidr\u00f3tica y la displasia hipohidr\u00f3tica ligada al cromosoma X.","og_url":"https:\/\/pro.edelifeclinicaltrial.com\/es\/diagnostico-y-sintomas-de-la-displasia-ectodermica\/","og_site_name":"Pro Edelifclinicaltrial","article_modified_time":"2023-12-08T08:01:00+00:00","twitter_card":"summary_large_image","schema":{"@context":"https:\/\/schema.org","@graph":[{"@type":"WebPage","@id":"https:\/\/pro.edelifeclinicaltrial.com\/es\/diagnostico-y-sintomas-de-la-displasia-ectodermica\/","url":"https:\/\/pro.edelifeclinicaltrial.com\/es\/diagnostico-y-sintomas-de-la-displasia-ectodermica\/","name":"Diagn\u00f3stico y s\u00edntomas de la displasia ectod\u00e9rmica | Pro Edelifclinicaltrial","isPartOf":{"@id":"https:\/\/pro.edelifeclinicaltrial.com\/es\/#website"},"datePublished":"2023-10-04T11:15:07+00:00","dateModified":"2023-12-08T08:01:00+00:00","description":"M\u00e1s informaci\u00f3n sobre los s\u00edntomas y la gen\u00e9tica de la displasia ectod\u00e9rmica, la displasia ectod\u00e9rmica hipohidr\u00f3tica y la displasia hipohidr\u00f3tica ligada al cromosoma X.","breadcrumb":{"@id":"https:\/\/pro.edelifeclinicaltrial.com\/es\/diagnostico-y-sintomas-de-la-displasia-ectodermica\/#breadcrumb"},"inLanguage":"es","potentialAction":[{"@type":"ReadAction","target":["https:\/\/pro.edelifeclinicaltrial.com\/es\/diagnostico-y-sintomas-de-la-displasia-ectodermica\/"]}]},{"@type":"BreadcrumbList","@id":"https:\/\/pro.edelifeclinicaltrial.com\/es\/diagnostico-y-sintomas-de-la-displasia-ectodermica\/#breadcrumb","itemListElement":[{"@type":"ListItem","position":1,"name":"Home","item":"https:\/\/pro.edelifeclinicaltrial.com\/es\/"},{"@type":"ListItem","position":2,"name":"Diagn\u00f3stico y s\u00edntomas de la displasia ectod\u00e9rmica"}]},{"@type":"WebSite","@id":"https:\/\/pro.edelifeclinicaltrial.com\/es\/#website","url":"https:\/\/pro.edelifeclinicaltrial.com\/es\/","name":"Edelife HCP","description":"","publisher":{"@id":"https:\/\/pro.edelifeclinicaltrial.com\/es\/#organization"},"potentialAction":[{"@type":"SearchAction","target":{"@type":"EntryPoint","urlTemplate":"https:\/\/pro.edelifeclinicaltrial.com\/es\/?s={search_term_string}"},"query-input":{"@type":"PropertyValueSpecification","valueRequired":true,"valueName":"search_term_string"}}],"inLanguage":"es"},{"@type":"Organization","@id":"https:\/\/pro.edelifeclinicaltrial.com\/es\/#organization","name":"Edelife HCP","url":"https:\/\/pro.edelifeclinicaltrial.com\/es\/","logo":{"@type":"ImageObject","inLanguage":"es","@id":"https:\/\/pro.edelifeclinicaltrial.com\/es\/#\/schema\/logo\/image\/","url":"https:\/\/pro.edelifeclinicaltrial.com\/wp-content\/uploads\/2023\/10\/logo-edelife-trsp.png","contentUrl":"https:\/\/pro.edelifeclinicaltrial.com\/wp-content\/uploads\/2023\/10\/logo-edelife-trsp.png","width":733,"height":485,"caption":"Edelife HCP"},"image":{"@id":"https:\/\/pro.edelifeclinicaltrial.com\/es\/#\/schema\/logo\/image\/"}}]}},"_links":{"self":[{"href":"https:\/\/pro.edelifeclinicaltrial.com\/es\/wp-json\/wp\/v2\/pages\/362","targetHints":{"allow":["GET"]}}],"collection":[{"href":"https:\/\/pro.edelifeclinicaltrial.com\/es\/wp-json\/wp\/v2\/pages"}],"about":[{"href":"https:\/\/pro.edelifeclinicaltrial.com\/es\/wp-json\/wp\/v2\/types\/page"}],"author":[{"embeddable":true,"href":"https:\/\/pro.edelifeclinicaltrial.com\/es\/wp-json\/wp\/v2\/users\/1"}],"replies":[{"embeddable":true,"href":"https:\/\/pro.edelifeclinicaltrial.com\/es\/wp-json\/wp\/v2\/comments?post=362"}],"version-history":[{"count":2,"href":"https:\/\/pro.edelifeclinicaltrial.com\/es\/wp-json\/wp\/v2\/pages\/362\/revisions"}],"predecessor-version":[{"id":390,"href":"https:\/\/pro.edelifeclinicaltrial.com\/es\/wp-json\/wp\/v2\/pages\/362\/revisions\/390"}],"wp:attachment":[{"href":"https:\/\/pro.edelifeclinicaltrial.com\/es\/wp-json\/wp\/v2\/media?parent=362"}],"curies":[{"name":"wp","href":"https:\/\/api.w.org\/{rel}","templated":true}]}}