{"id":263,"date":"2023-10-04T11:14:42","date_gmt":"2023-10-04T11:14:42","guid":{"rendered":"https:\/\/pro.edelifeclinicaltrial.com\/?page_id=263"},"modified":"2023-11-15T16:24:20","modified_gmt":"2023-11-15T16:24:20","slug":"sobre-el-ensayo-edelife","status":"publish","type":"page","link":"https:\/\/pro.edelifeclinicaltrial.com\/es\/sobre-el-ensayo-edelife\/","title":{"rendered":"Sobre el ensayo Edelife"},"content":{"rendered":"","protected":false},"excerpt":{"rendered":"","protected":false},"author":1,"featured_media":0,"parent":0,"menu_order":2,"comment_status":"closed","ping_status":"closed","template":"","meta":{"footnotes":""},"class_list":["post-263","page","type-page","status-publish","hentry"],"yoast_head":"<!-- This site is optimized with the Yoast SEO plugin v27.5 - https:\/\/yoast.com\/product\/yoast-seo-wordpress\/ -->\n<title>Sobre el ensayo Edelife | Pro Edelifclinicaltrial<\/title>\n<meta name=\"description\" content=\"M\u00e1s informaci\u00f3n sobre la inclusi\u00f3n de pacientes en el ensayo Edelife sobre la XLHED. Inscripci\u00f3n obligatoria antes de la semana 24 del embarazo. No se administra ning\u00fan tratamiento despu\u00e9s del nacimiento del ni\u00f1o.\" \/>\n<meta name=\"robots\" content=\"index, follow, max-snippet:-1, max-image-preview:large, max-video-preview:-1\" \/>\n<link rel=\"canonical\" href=\"https:\/\/pro.edelifeclinicaltrial.com\/es\/sobre-el-ensayo-edelife\/\" \/>\n<meta property=\"og:locale\" content=\"es_ES\" \/>\n<meta property=\"og:type\" content=\"article\" \/>\n<meta property=\"og:title\" content=\"Sobre el ensayo Edelife | Pro Edelifclinicaltrial\" \/>\n<meta property=\"og:description\" content=\"M\u00e1s informaci\u00f3n sobre la inclusi\u00f3n de pacientes en el ensayo Edelife sobre la XLHED. Inscripci\u00f3n obligatoria antes de la semana 24 del embarazo. No se administra ning\u00fan tratamiento despu\u00e9s del nacimiento del ni\u00f1o.\" \/>\n<meta property=\"og:url\" content=\"https:\/\/pro.edelifeclinicaltrial.com\/es\/sobre-el-ensayo-edelife\/\" \/>\n<meta property=\"og:site_name\" content=\"Pro Edelifclinicaltrial\" \/>\n<meta property=\"article:modified_time\" content=\"2023-11-15T16:24:20+00:00\" \/>\n<meta name=\"twitter:card\" content=\"summary_large_image\" \/>\n<script type=\"application\/ld+json\" class=\"yoast-schema-graph\">{\"@context\":\"https:\\\/\\\/schema.org\",\"@graph\":[{\"@type\":\"WebPage\",\"@id\":\"https:\\\/\\\/pro.edelifeclinicaltrial.com\\\/es\\\/sobre-el-ensayo-edelife\\\/\",\"url\":\"https:\\\/\\\/pro.edelifeclinicaltrial.com\\\/es\\\/sobre-el-ensayo-edelife\\\/\",\"name\":\"Sobre el ensayo Edelife | Pro Edelifclinicaltrial\",\"isPartOf\":{\"@id\":\"https:\\\/\\\/pro.edelifeclinicaltrial.com\\\/es\\\/#website\"},\"datePublished\":\"2023-10-04T11:14:42+00:00\",\"dateModified\":\"2023-11-15T16:24:20+00:00\",\"description\":\"M\u00e1s informaci\u00f3n sobre la inclusi\u00f3n de pacientes en el ensayo Edelife sobre la XLHED. Inscripci\u00f3n obligatoria antes de la semana 24 del embarazo. No se administra ning\u00fan tratamiento despu\u00e9s del nacimiento del ni\u00f1o.\",\"breadcrumb\":{\"@id\":\"https:\\\/\\\/pro.edelifeclinicaltrial.com\\\/es\\\/sobre-el-ensayo-edelife\\\/#breadcrumb\"},\"inLanguage\":\"es\",\"potentialAction\":[{\"@type\":\"ReadAction\",\"target\":[\"https:\\\/\\\/pro.edelifeclinicaltrial.com\\\/es\\\/sobre-el-ensayo-edelife\\\/\"]}]},{\"@type\":\"BreadcrumbList\",\"@id\":\"https:\\\/\\\/pro.edelifeclinicaltrial.com\\\/es\\\/sobre-el-ensayo-edelife\\\/#breadcrumb\",\"itemListElement\":[{\"@type\":\"ListItem\",\"position\":1,\"name\":\"Home\",\"item\":\"https:\\\/\\\/pro.edelifeclinicaltrial.com\\\/es\\\/\"},{\"@type\":\"ListItem\",\"position\":2,\"name\":\"Sobre el ensayo Edelife\"}]},{\"@type\":\"WebSite\",\"@id\":\"https:\\\/\\\/pro.edelifeclinicaltrial.com\\\/es\\\/#website\",\"url\":\"https:\\\/\\\/pro.edelifeclinicaltrial.com\\\/es\\\/\",\"name\":\"Edelife HCP\",\"description\":\"\",\"publisher\":{\"@id\":\"https:\\\/\\\/pro.edelifeclinicaltrial.com\\\/es\\\/#organization\"},\"potentialAction\":[{\"@type\":\"SearchAction\",\"target\":{\"@type\":\"EntryPoint\",\"urlTemplate\":\"https:\\\/\\\/pro.edelifeclinicaltrial.com\\\/es\\\/?s={search_term_string}\"},\"query-input\":{\"@type\":\"PropertyValueSpecification\",\"valueRequired\":true,\"valueName\":\"search_term_string\"}}],\"inLanguage\":\"es\"},{\"@type\":\"Organization\",\"@id\":\"https:\\\/\\\/pro.edelifeclinicaltrial.com\\\/es\\\/#organization\",\"name\":\"Edelife HCP\",\"url\":\"https:\\\/\\\/pro.edelifeclinicaltrial.com\\\/es\\\/\",\"logo\":{\"@type\":\"ImageObject\",\"inLanguage\":\"es\",\"@id\":\"https:\\\/\\\/pro.edelifeclinicaltrial.com\\\/es\\\/#\\\/schema\\\/logo\\\/image\\\/\",\"url\":\"https:\\\/\\\/pro.edelifeclinicaltrial.com\\\/wp-content\\\/uploads\\\/2023\\\/10\\\/logo-edelife-trsp.png\",\"contentUrl\":\"https:\\\/\\\/pro.edelifeclinicaltrial.com\\\/wp-content\\\/uploads\\\/2023\\\/10\\\/logo-edelife-trsp.png\",\"width\":733,\"height\":485,\"caption\":\"Edelife HCP\"},\"image\":{\"@id\":\"https:\\\/\\\/pro.edelifeclinicaltrial.com\\\/es\\\/#\\\/schema\\\/logo\\\/image\\\/\"}}]}<\/script>\n<!-- \/ Yoast SEO plugin. -->","yoast_head_json":{"title":"Sobre el ensayo Edelife | Pro Edelifclinicaltrial","description":"M\u00e1s informaci\u00f3n sobre la inclusi\u00f3n de pacientes en el ensayo Edelife sobre la XLHED. Inscripci\u00f3n obligatoria antes de la semana 24 del embarazo. No se administra ning\u00fan tratamiento despu\u00e9s del nacimiento del ni\u00f1o.","robots":{"index":"index","follow":"follow","max-snippet":"max-snippet:-1","max-image-preview":"max-image-preview:large","max-video-preview":"max-video-preview:-1"},"canonical":"https:\/\/pro.edelifeclinicaltrial.com\/es\/sobre-el-ensayo-edelife\/","og_locale":"es_ES","og_type":"article","og_title":"Sobre el ensayo Edelife | Pro Edelifclinicaltrial","og_description":"M\u00e1s informaci\u00f3n sobre la inclusi\u00f3n de pacientes en el ensayo Edelife sobre la XLHED. Inscripci\u00f3n obligatoria antes de la semana 24 del embarazo. No se administra ning\u00fan tratamiento despu\u00e9s del nacimiento del ni\u00f1o.","og_url":"https:\/\/pro.edelifeclinicaltrial.com\/es\/sobre-el-ensayo-edelife\/","og_site_name":"Pro Edelifclinicaltrial","article_modified_time":"2023-11-15T16:24:20+00:00","twitter_card":"summary_large_image","schema":{"@context":"https:\/\/schema.org","@graph":[{"@type":"WebPage","@id":"https:\/\/pro.edelifeclinicaltrial.com\/es\/sobre-el-ensayo-edelife\/","url":"https:\/\/pro.edelifeclinicaltrial.com\/es\/sobre-el-ensayo-edelife\/","name":"Sobre el ensayo Edelife | Pro Edelifclinicaltrial","isPartOf":{"@id":"https:\/\/pro.edelifeclinicaltrial.com\/es\/#website"},"datePublished":"2023-10-04T11:14:42+00:00","dateModified":"2023-11-15T16:24:20+00:00","description":"M\u00e1s informaci\u00f3n sobre la inclusi\u00f3n de pacientes en el ensayo Edelife sobre la XLHED. Inscripci\u00f3n obligatoria antes de la semana 24 del embarazo. No se administra ning\u00fan tratamiento despu\u00e9s del nacimiento del ni\u00f1o.","breadcrumb":{"@id":"https:\/\/pro.edelifeclinicaltrial.com\/es\/sobre-el-ensayo-edelife\/#breadcrumb"},"inLanguage":"es","potentialAction":[{"@type":"ReadAction","target":["https:\/\/pro.edelifeclinicaltrial.com\/es\/sobre-el-ensayo-edelife\/"]}]},{"@type":"BreadcrumbList","@id":"https:\/\/pro.edelifeclinicaltrial.com\/es\/sobre-el-ensayo-edelife\/#breadcrumb","itemListElement":[{"@type":"ListItem","position":1,"name":"Home","item":"https:\/\/pro.edelifeclinicaltrial.com\/es\/"},{"@type":"ListItem","position":2,"name":"Sobre el ensayo Edelife"}]},{"@type":"WebSite","@id":"https:\/\/pro.edelifeclinicaltrial.com\/es\/#website","url":"https:\/\/pro.edelifeclinicaltrial.com\/es\/","name":"Edelife HCP","description":"","publisher":{"@id":"https:\/\/pro.edelifeclinicaltrial.com\/es\/#organization"},"potentialAction":[{"@type":"SearchAction","target":{"@type":"EntryPoint","urlTemplate":"https:\/\/pro.edelifeclinicaltrial.com\/es\/?s={search_term_string}"},"query-input":{"@type":"PropertyValueSpecification","valueRequired":true,"valueName":"search_term_string"}}],"inLanguage":"es"},{"@type":"Organization","@id":"https:\/\/pro.edelifeclinicaltrial.com\/es\/#organization","name":"Edelife HCP","url":"https:\/\/pro.edelifeclinicaltrial.com\/es\/","logo":{"@type":"ImageObject","inLanguage":"es","@id":"https:\/\/pro.edelifeclinicaltrial.com\/es\/#\/schema\/logo\/image\/","url":"https:\/\/pro.edelifeclinicaltrial.com\/wp-content\/uploads\/2023\/10\/logo-edelife-trsp.png","contentUrl":"https:\/\/pro.edelifeclinicaltrial.com\/wp-content\/uploads\/2023\/10\/logo-edelife-trsp.png","width":733,"height":485,"caption":"Edelife HCP"},"image":{"@id":"https:\/\/pro.edelifeclinicaltrial.com\/es\/#\/schema\/logo\/image\/"}}]}},"_links":{"self":[{"href":"https:\/\/pro.edelifeclinicaltrial.com\/es\/wp-json\/wp\/v2\/pages\/263","targetHints":{"allow":["GET"]}}],"collection":[{"href":"https:\/\/pro.edelifeclinicaltrial.com\/es\/wp-json\/wp\/v2\/pages"}],"about":[{"href":"https:\/\/pro.edelifeclinicaltrial.com\/es\/wp-json\/wp\/v2\/types\/page"}],"author":[{"embeddable":true,"href":"https:\/\/pro.edelifeclinicaltrial.com\/es\/wp-json\/wp\/v2\/users\/1"}],"replies":[{"embeddable":true,"href":"https:\/\/pro.edelifeclinicaltrial.com\/es\/wp-json\/wp\/v2\/comments?post=263"}],"version-history":[{"count":1,"href":"https:\/\/pro.edelifeclinicaltrial.com\/es\/wp-json\/wp\/v2\/pages\/263\/revisions"}],"predecessor-version":[{"id":264,"href":"https:\/\/pro.edelifeclinicaltrial.com\/es\/wp-json\/wp\/v2\/pages\/263\/revisions\/264"}],"wp:attachment":[{"href":"https:\/\/pro.edelifeclinicaltrial.com\/es\/wp-json\/wp\/v2\/media?parent=263"}],"curies":[{"name":"wp","href":"https:\/\/api.w.org\/{rel}","templated":true}]}}